{"id":505,"date":"2025-10-21T17:57:22","date_gmt":"2025-10-21T09:57:22","guid":{"rendered":"https:\/\/ck.pgywebtest.xyz\/?page_id=505"},"modified":"2025-10-21T17:58:44","modified_gmt":"2025-10-21T09:58:44","slug":"privacy-policy","status":"publish","type":"page","link":"https:\/\/cklasersz.com\/de\/privacy-policy\/","title":{"rendered":"Datenschutzbestimmungen"},"content":{"rendered":"<div data-elementor-type=\"wp-page\" data-elementor-id=\"505\" class=\"elementor elementor-505\" data-elementor-settings=\"{&quot;element_pack_global_tooltip_width&quot;:{&quot;unit&quot;:&quot;px&quot;,&quot;size&quot;:&quot;&quot;,&quot;sizes&quot;:[]},&quot;element_pack_global_tooltip_width_laptop&quot;:{&quot;unit&quot;:&quot;px&quot;,&quot;size&quot;:&quot;&quot;,&quot;sizes&quot;:[]},&quot;element_pack_global_tooltip_width_tablet&quot;:{&quot;unit&quot;:&quot;px&quot;,&quot;size&quot;:&quot;&quot;,&quot;sizes&quot;:[]},&quot;element_pack_global_tooltip_width_mobile&quot;:{&quot;unit&quot;:&quot;px&quot;,&quot;size&quot;:&quot;&quot;,&quot;sizes&quot;:[]},&quot;element_pack_global_tooltip_padding&quot;:{&quot;unit&quot;:&quot;px&quot;,&quot;top&quot;:&quot;&quot;,&quot;right&quot;:&quot;&quot;,&quot;bottom&quot;:&quot;&quot;,&quot;left&quot;:&quot;&quot;,&quot;isLinked&quot;:true},&quot;element_pack_global_tooltip_padding_laptop&quot;:{&quot;unit&quot;:&quot;px&quot;,&quot;top&quot;:&quot;&quot;,&quot;right&quot;:&quot;&quot;,&quot;bottom&quot;:&quot;&quot;,&quot;left&quot;:&quot;&quot;,&quot;isLinked&quot;:true},&quot;element_pack_global_tooltip_padding_tablet&quot;:{&quot;unit&quot;:&quot;px&quot;,&quot;top&quot;:&quot;&quot;,&quot;right&quot;:&quot;&quot;,&quot;bottom&quot;:&quot;&quot;,&quot;left&quot;:&quot;&quot;,&quot;isLinked&quot;:true},&quot;element_pack_global_tooltip_padding_mobile&quot;:{&quot;unit&quot;:&quot;px&quot;,&quot;top&quot;:&quot;&quot;,&quot;right&quot;:&quot;&quot;,&quot;bottom&quot;:&quot;&quot;,&quot;left&quot;:&quot;&quot;,&quot;isLinked&quot;:true},&quot;element_pack_global_tooltip_border_radius&quot;:{&quot;unit&quot;:&quot;px&quot;,&quot;top&quot;:&quot;&quot;,&quot;right&quot;:&quot;&quot;,&quot;bottom&quot;:&quot;&quot;,&quot;left&quot;:&quot;&quot;,&quot;isLinked&quot;:true},&quot;element_pack_global_tooltip_border_radius_laptop&quot;:{&quot;unit&quot;:&quot;px&quot;,&quot;top&quot;:&quot;&quot;,&quot;right&quot;:&quot;&quot;,&quot;bottom&quot;:&quot;&quot;,&quot;left&quot;:&quot;&quot;,&quot;isLinked&quot;:true},&quot;element_pack_global_tooltip_border_radius_tablet&quot;:{&quot;unit&quot;:&quot;px&quot;,&quot;top&quot;:&quot;&quot;,&quot;right&quot;:&quot;&quot;,&quot;bottom&quot;:&quot;&quot;,&quot;left&quot;:&quot;&quot;,&quot;isLinked&quot;:true},&quot;element_pack_global_tooltip_border_radius_mobile&quot;:{&quot;unit&quot;:&quot;px&quot;,&quot;top&quot;:&quot;&quot;,&quot;right&quot;:&quot;&quot;,&quot;bottom&quot;:&quot;&quot;,&quot;left&quot;:&quot;&quot;,&quot;isLinked&quot;:true}}\" data-elementor-post-type=\"page\">\n\t\t\t\t<div data-dce-background-overlay-color=\"#00000080\" data-dce-background-image-url=\"https:\/\/cklasersz.com\/wp-content\/uploads\/2025\/10\/productbg.webp\" class=\"elementor-element elementor-element-5c99041 e-flex e-con-boxed e-con e-parent\" data-id=\"5c99041\" data-element_type=\"container\" data-settings=\"{&quot;background_background&quot;:&quot;classic&quot;}\">\n\t\t\t\t\t<div class=\"e-con-inner\">\n\t\t\t\t<div data-dce-title-color=\"#FFFFFF\" class=\"elementor-element elementor-element-bee064e elementor-widget elementor-widget-heading\" data-id=\"bee064e\" data-element_type=\"widget\" data-widget_type=\"heading.default\">\n\t\t\t\t\t<h2 class=\"elementor-heading-title elementor-size-default\">Datenschutzbestimmungen<\/h2>\t\t\t\t<\/div>\n\t\t\t\t\t<\/div>\n\t\t\t\t<\/div>\n\t\t<div class=\"elementor-element elementor-element-608899d e-flex e-con-boxed e-con e-parent\" data-id=\"608899d\" data-element_type=\"container\">\n\t\t\t\t\t<div class=\"e-con-inner\">\n\t\t\t\t<div class=\"elementor-element elementor-element-d7431b0 elementor-widget elementor-widget-spacer\" data-id=\"d7431b0\" data-element_type=\"widget\" data-widget_type=\"spacer.default\">\n\t\t\t\t\t\t\t<div class=\"elementor-spacer\">\n\t\t\t<div class=\"elementor-spacer-inner\"><\/div>\n\t\t<\/div>\n\t\t\t\t\t\t<\/div>\n\t\t\t\t<div class=\"elementor-element elementor-element-e86bdb4 elementor-widget__width-initial elementor-widget elementor-widget-text-editor\" data-id=\"e86bdb4\" data-element_type=\"widget\" data-widget_type=\"text-editor.default\">\n\t\t\t\t\t\t\t\t\t<p>Willkommen bei\u00a0<a href=\"https:\/\/www.hanslaserus.com\/\" data-wpel-link=\"internal\">Han's Laser<\/a>\u00a0Corporation Seite Datenschutzrichtlinie. Han's Laser Corporation verpflichtet sich, Ihre Privatsph\u00e4re zu sch\u00fctzen. Wenn Sie die Dienste der Han's Laser Corporation Website nutzen, vertrauen Sie uns Ihre Daten an. Diese Datenschutzrichtlinie soll Ihnen helfen zu verstehen, welche Daten wir sammeln, warum wir sie sammeln und was wir damit machen. Wir hoffen, dass Sie sich die Zeit nehmen, sie sorgf\u00e4ltig zu lesen.<\/p><p>Diese Datenschutzrichtlinie enth\u00e4lt die folgenden Themen:<br \/>- Gesammelte Informationen<br \/>- Zweck der Verwendung personenbezogener Daten<br \/>- Verwendung personenbezogener Daten durch das Unternehmen<br \/>- Links &amp; Haftungsausschluss<br \/>- Kontakt<\/p><p><strong>Gesammelte Informationen<\/strong><\/p><p>Han's Laser Corporation erh\u00e4lt keine pers\u00f6nlich identifizierenden Informationen \u00fcber Sie, wenn Sie unsere Website besuchen, es sei denn, Sie entscheiden sich, uns solche Informationen zur Verf\u00fcgung zu stellen.<\/p><p>Wir k\u00f6nnen personenbezogene Daten auf die folgenden Arten erhalten und\/oder sammeln:<\/p><p>1. personenbezogene Daten, die Sie uns auf unserer Website zur Verf\u00fcgung stellen.<br \/>Wenn Sie uns eine \u201cKontakt\u201d-Anfrage oder ein Feedback senden oder wenn Sie Informationen \u00fcber unsere Produkte, Dienstleistungen und Preise oder in Verbindung mit dem Kauf eines Produkts oder einer Dienstleistung suchen, m\u00fcssen Sie uns m\u00f6glicherweise bestimmte personenbezogene Daten zur Verf\u00fcgung stellen, wie z. B.:<br \/>Ihr Name;<br \/>E-Mail Adresse;<br \/>Mitteilungen, die Sie an uns senden.<br \/>M\u00f6glicherweise bitten wir Sie auch um zus\u00e4tzliche Informationen, z. B. den Namen Ihres Unternehmens oder Ihre Branche.<\/p><p>2. automatisch gesammelte Informationen.<br \/>Bestimmte Informationen auf unserer Website werden automatisch mit Hilfe verschiedener Software-Tools erfasst. Wir haben ein legitimes Interesse daran, solche Informationen zu verwenden, um das Einloggen, die Systemverwaltung, die Informationssicherheit und die Verhinderung von Missbrauch zu unterst\u00fctzen, um Benutzertrends zu verfolgen und die Effektivit\u00e4t unserer Website zu analysieren. Alleine oder in Kombination mit anderen Informationen k\u00f6nnen solche automatisch gesammelten Informationen pers\u00f6nliche Daten darstellen. Einige unserer Dienstanbieter verwenden m\u00f6glicherweise Cookies oder andere Methoden, um Informationen \u00fcber Ihre Nutzung unserer Website zu sammeln. Diese Dritten k\u00f6nnen diese Cookies oder andere Tracking-Methoden f\u00fcr ihre eigenen Zwecke verwenden, indem sie Informationen \u00fcber Ihre Nutzung unserer Website mit den pers\u00f6nlichen Daten, die sie \u00fcber Sie haben, in Verbindung bringen. Die Verwendung solcher Informationen durch Dritte h\u00e4ngt von der Datenschutzpolitik des jeweiligen Dritten ab.<\/p><p>\u2460 Protokolldateien. Zu den Informationen in den Protokolldateien geh\u00f6ren Internetprotokolladressen (\u201cIP\u201d), Browsertyp, Internetdienstanbieter (ISP), Datums-\/Zeitstempel, Verweis-\/Ausgangsseiten, angeklickte Seiten und alle anderen Informationen, die Ihr Browser an uns sendet.<\/p><p>\u2461 Cookies. Wir verwenden Cookies, um die Interaktion mit unserer Website einfach und sinnvoll zu gestalten. Wenn Sie unsere Website besuchen, k\u00f6nnen unsere Server ein Cookie an Ihren Computer senden. F\u00fcr sich genommen identifizieren Cookies Sie nicht pers\u00f6nlich; sie erkennen lediglich Ihren Webbrowser.<\/p><p>Wir k\u00f6nnen Cookies verwenden, die sitzungsbasiert und best\u00e4ndig sind. Sitzungscookies existieren nur w\u00e4hrend einer Sitzung. Sie verschwinden von Ihrem Computer, wenn Sie Ihre Browsersoftware schlie\u00dfen oder Ihren Computer ausschalten. Dauerhafte Cookies verbleiben auf Ihrem Computer, nachdem Sie Ihren Browser geschlossen oder Ihren Computer ausgeschaltet haben. Bitte beachten Sie, dass Sie, wenn Sie die F\u00e4higkeit Ihres Webbrowsers, Cookies zu akzeptieren, deaktivieren, zwar auf unserer Website navigieren k\u00f6nnen, aber m\u00f6glicherweise nicht in der Lage sind, alle Funktionen unserer Website erfolgreich zu nutzen.<\/p><p>\u2462 Andere Tracking-Technologien. Wenn Sie unsere Website besuchen, k\u00f6nnen wir Ihre IP-Adressen erfassen, um nicht-personenbezogene Daten zu verfolgen und zusammenzufassen. Zum Beispiel k\u00f6nnen wir IP-Adressen verwenden, um die Regionen zu \u00fcberwachen, von denen aus Sie auf unseren Seiten navigieren.<\/p><p>Wir k\u00f6nnen auch Web Beacons allein oder in Verbindung mit Cookies verwenden, um Informationen \u00fcber Ihre Nutzung unserer Website und Ihre Interaktion mit E-Mails von uns zusammenzustellen. Web Beacons sind klare elektronische Bilder, die bestimmte Arten von Informationen auf Ihrem Computer erkennen k\u00f6nnen, wie z. B. Cookies, wenn Sie eine bestimmte, mit dem Web Beacon verbundene Website besucht haben. Wir k\u00f6nnen zum Beispiel Web-Beacons in Marketing-E-Mails platzieren, die uns benachrichtigen, wenn Sie auf einen Link in der E-Mail klicken, der Sie auf unsere Website f\u00fchrt. Wir k\u00f6nnen Web Beacons verwenden, um unsere Website und E-Mail-Kommunikation zu betreiben und zu verbessern.<\/p><p>\u2463 Analyse-Software-Tools. Wir verwenden Google Analytics auf unserer Website, um den Verkehr auf unserer Website zu analysieren. Weitere Informationen \u00fcber die Verarbeitung personenbezogener Daten durch Google Analytics finden Sie unter: https:\/\/policies.google.com\/technologies\/partner-sites. Mit dem von Google zur Verf\u00fcgung gestellten Browser-Plugin http:\/\/www.google.com\/ads\/preferences\/plugin\/ k\u00f6nnen Sie sich von Google Analytics abmelden.<\/p><p><strong>Zweck der Verwendung personenbezogener Daten<\/strong><\/p><p>Wenn Sie uns \u00fcber unsere Website personenbezogene Daten \u00fcbermitteln oder wir diese sammeln, k\u00f6nnen diese personenbezogenen Daten auf folgende Weise verwendet werden:<br \/>um unsere Website und Dienste zu analysieren, zu verwalten und zu verbessern;<br \/>um Sie im Zusammenhang mit unserer Website und bestimmten Diensten, Benachrichtigungen, Veranstaltungen, Programmen oder Angeboten, f\u00fcr die Sie sich m\u00f6glicherweise registriert haben, zu kontaktieren;<br \/>um Ihnen Aktualisierungen und Werbematerialien zuzusenden, f\u00fcr die Sie sich registriert haben;<br \/>zum Schutz unserer Rechte und\/oder unseres Eigentums sowie zur Gew\u00e4hrleistung der technischen Funktionalit\u00e4t und Sicherheit unserer Website.<\/p><p><strong>Verwendung personenbezogener Daten durch das Unternehmen<\/strong><br \/>Wir verkaufen, vermieten, verleasen oder geben die auf unserer Website gesammelten pers\u00f6nlichen Daten nicht an Dritte weiter, es sei denn, es ist unten anders angegeben oder mit Ihrer Zustimmung.<\/p><p>\u2460 Durch das Gesetz zum Schutz des Rechts.<br \/>Wir k\u00f6nnen Ihre Daten unter den folgenden Bedingungen weitergeben, wenn dies nach geltendem Recht, Regeln oder Vorschriften zul\u00e4ssig oder erforderlich ist: Wenn wir in gutem Glauben davon ausgehen, dass die Weitergabe von Informationen \u00fcber Sie notwendig ist, um geltende Gesetze, Vorschriften, Gerichtsverfahren oder beh\u00f6rdliche Anfragen zu erf\u00fcllen, um m\u00f6gliche Verst\u00f6\u00dfe gegen unsere Richtlinien zu untersuchen oder zu beheben oder um die Rechte, das Eigentum und die Sicherheit anderer zu sch\u00fctzen.<\/p><p>\u2461 Drittanbieter von Dienstleistungen.<br \/>Wir k\u00f6nnen Ihre Daten an Dritte weitergeben, die Dienstleistungen f\u00fcr uns oder in unserem Namen erbringen. Dazu k\u00f6nnen Datenanalyse, E-Mail-Versand, Hosting-Dienste, Kundendienst und Marketingunterst\u00fctzung geh\u00f6ren.<\/p><p>\u2462 Verbundene Unternehmen.<br \/>Wir k\u00f6nnen Ihre Daten an unsere verbundenen Unternehmen weitergeben, zu denen unsere Tochtergesellschaften, Joint-Venture-Partner oder andere Unternehmen geh\u00f6ren k\u00f6nnen, die wir kontrollieren oder die unter gemeinsamer Kontrolle mit uns stehen. In diesem Fall verpflichten wir diese Tochtergesellschaften, diese Datenschutzrichtlinie einzuhalten.<\/p><p>\u2463 Verschmelzung, Verkauf oder Kontrollwechsel.<br \/>Im Falle einer Umstrukturierung oder des Verkaufs aller oder eines Teils unserer Verm\u00f6genswerte, einer Fusion oder einer \u00dcbernahme durch ein anderes Unternehmen k\u00f6nnen wir Ihre Daten an das Nachfolgeunternehmen \u00fcbertragen.<\/p><p><strong>Links &amp; Haftungsausschluss<\/strong><\/p><p>Unsere Website enth\u00e4lt Links zu vielen anderen Organisationen mit deren Genehmigung. Wenn Sie die Website von Han's Laser Corporation verlassen, gelten f\u00fcr Sie die Datenschutzbestimmungen der neuen Website. Han's Laser Corporation ist nicht verantwortlich f\u00fcr die Verf\u00fcgbarkeit der Systeme, auf die verlinkt wird, und diese Links werden Ihnen als Service zur Verf\u00fcgung gestellt, damit Sie die verschiedenen Gesch\u00e4ftsbeziehungen, die Han's Laser Corporation aufgebaut hat, besser verstehen k\u00f6nnen.<\/p><p><strong>Kontakt<\/strong><\/p><p>Wenn Sie Fragen oder Anmerkungen zu dieser Datenschutzrichtlinie haben, wenden Sie sich bitte per E-Mail an das Unternehmen:\u00a0<a href=\"mailto:laser@hanslaser.com\">laser@hanslaser.com<\/a>\u00a0oder kontaktieren Sie das Unternehmen unter:<br \/>Han's Laser Gesellschaft<br \/>Adresse der Hauptverwaltung: 2220 O'Toole Ave, San Jose, CA 95131, USA<br \/>Adresse der Niederlassung Houston: 4224 Clay Business Dr, Katy, TX 77449<br \/>Telefon: (+1) 408-774-9428, (+1) 832-234-9188<\/p>\t\t\t\t\t\t\t\t<\/div>\n\t\t\t\t<div class=\"elementor-element elementor-element-237ee4b elementor-widget elementor-widget-spacer\" data-id=\"237ee4b\" data-element_type=\"widget\" data-widget_type=\"spacer.default\">\n\t\t\t\t\t\t\t<div class=\"elementor-spacer\">\n\t\t\t<div class=\"elementor-spacer-inner\"><\/div>\n\t\t<\/div>\n\t\t\t\t\t\t<\/div>\n\t\t\t\t\t<\/div>\n\t\t\t\t<\/div>\n\t\t\t\t<\/div>","protected":false},"excerpt":{"rendered":"<p>Privacy Policy Welcome to\u00a0Han\u2019s Laser\u00a0Corporation Privacy Policy page. Han\u2019s Laser Corporation is committed to protecting your privacy. When you use Han\u2019s Laser Corporation website services, you trust us with your information. This Privacy Policy is meant to help you understand what data we collect, why we collect it, and what we do with it. We [&hellip;]<\/p>","protected":false},"author":1,"featured_media":0,"parent":0,"menu_order":0,"comment_status":"closed","ping_status":"closed","template":"","meta":{"_acf_changed":false,"footnotes":""},"class_list":["post-505","page","type-page","status-publish","hentry"],"blocksy_meta":[],"acf":[],"yoast_head":"<!-- This site is optimized with the Yoast SEO plugin v26.4 - https:\/\/yoast.com\/wordpress\/plugins\/seo\/ -->\n<title>Privacy Policy - Super Fast Laser<\/title>\n<meta name=\"robots\" content=\"index, follow, max-snippet:-1, max-image-preview:large, max-video-preview:-1\" \/>\n<link rel=\"canonical\" href=\"https:\/\/cklasersz.com\/de\/privacy-policy\/\" \/>\n<meta property=\"og:locale\" content=\"de_DE\" \/>\n<meta property=\"og:type\" content=\"article\" \/>\n<meta property=\"og:title\" content=\"Privacy Policy - Super Fast Laser\" \/>\n<meta property=\"og:description\" content=\"Privacy Policy Welcome to\u00a0Han\u2019s Laser\u00a0Corporation Privacy Policy page. Han\u2019s Laser Corporation is committed to protecting your privacy. When you use Han\u2019s Laser Corporation website services, you trust us with your information. This Privacy Policy is meant to help you understand what data we collect, why we collect it, and what we do with it. We [&hellip;]\" \/>\n<meta property=\"og:url\" content=\"https:\/\/cklasersz.com\/de\/privacy-policy\/\" \/>\n<meta property=\"og:site_name\" content=\"Super Fast Laser\" \/>\n<meta property=\"article:modified_time\" content=\"2025-10-21T09:58:44+00:00\" \/>\n<meta name=\"twitter:card\" content=\"summary_large_image\" \/>\n<meta name=\"twitter:label1\" content=\"Gesch\u00e4tzte Lesezeit\" \/>\n\t<meta name=\"twitter:data1\" content=\"6\u00a0Minuten\" \/>\n<script type=\"application\/ld+json\" class=\"yoast-schema-graph\">{\"@context\":\"https:\/\/schema.org\",\"@graph\":[{\"@type\":\"WebPage\",\"@id\":\"https:\/\/cklasersz.com\/privacy-policy\/\",\"url\":\"https:\/\/cklasersz.com\/privacy-policy\/\",\"name\":\"Privacy Policy - Super Fast Laser\",\"isPartOf\":{\"@id\":\"https:\/\/cklasersz.com\/#website\"},\"datePublished\":\"2025-10-21T09:57:22+00:00\",\"dateModified\":\"2025-10-21T09:58:44+00:00\",\"breadcrumb\":{\"@id\":\"https:\/\/cklasersz.com\/privacy-policy\/#breadcrumb\"},\"inLanguage\":\"de\",\"potentialAction\":[{\"@type\":\"ReadAction\",\"target\":[\"https:\/\/cklasersz.com\/privacy-policy\/\"]}]},{\"@type\":\"BreadcrumbList\",\"@id\":\"https:\/\/cklasersz.com\/privacy-policy\/#breadcrumb\",\"itemListElement\":[{\"@type\":\"ListItem\",\"position\":1,\"name\":\"Home\",\"item\":\"https:\/\/cklasersz.com\/\"},{\"@type\":\"ListItem\",\"position\":2,\"name\":\"Privacy Policy\"}]},{\"@type\":\"WebSite\",\"@id\":\"https:\/\/cklasersz.com\/#website\",\"url\":\"https:\/\/cklasersz.com\/\",\"name\":\"Super Fast Laser\",\"description\":\"\",\"publisher\":{\"@id\":\"https:\/\/cklasersz.com\/#organization\"},\"potentialAction\":[{\"@type\":\"SearchAction\",\"target\":{\"@type\":\"EntryPoint\",\"urlTemplate\":\"https:\/\/cklasersz.com\/?s={search_term_string}\"},\"query-input\":{\"@type\":\"PropertyValueSpecification\",\"valueRequired\":true,\"valueName\":\"search_term_string\"}}],\"inLanguage\":\"de\"},{\"@type\":\"Organization\",\"@id\":\"https:\/\/cklasersz.com\/#organization\",\"name\":\"Super Fast Laser\",\"url\":\"https:\/\/cklasersz.com\/\",\"logo\":{\"@type\":\"ImageObject\",\"inLanguage\":\"de\",\"@id\":\"https:\/\/cklasersz.com\/#\/schema\/logo\/image\/\",\"url\":\"https:\/\/cklasersz.com\/wp-content\/uploads\/2025\/10\/logo.png\",\"contentUrl\":\"https:\/\/cklasersz.com\/wp-content\/uploads\/2025\/10\/logo.png\",\"width\":300,\"height\":140,\"caption\":\"Super Fast Laser\"},\"image\":{\"@id\":\"https:\/\/cklasersz.com\/#\/schema\/logo\/image\/\"}}]}<\/script>\n<!-- \/ Yoast SEO plugin. -->","yoast_head_json":{"title":"Privacy Policy - Super Fast Laser","robots":{"index":"index","follow":"follow","max-snippet":"max-snippet:-1","max-image-preview":"max-image-preview:large","max-video-preview":"max-video-preview:-1"},"canonical":"https:\/\/cklasersz.com\/de\/privacy-policy\/","og_locale":"de_DE","og_type":"article","og_title":"Privacy Policy - Super Fast Laser","og_description":"Privacy Policy Welcome to\u00a0Han\u2019s Laser\u00a0Corporation Privacy Policy page. Han\u2019s Laser Corporation is committed to protecting your privacy. When you use Han\u2019s Laser Corporation website services, you trust us with your information. This Privacy Policy is meant to help you understand what data we collect, why we collect it, and what we do with it. We [&hellip;]","og_url":"https:\/\/cklasersz.com\/de\/privacy-policy\/","og_site_name":"Super Fast Laser","article_modified_time":"2025-10-21T09:58:44+00:00","twitter_card":"summary_large_image","twitter_misc":{"Gesch\u00e4tzte Lesezeit":"6\u00a0Minuten"},"schema":{"@context":"https:\/\/schema.org","@graph":[{"@type":"WebPage","@id":"https:\/\/cklasersz.com\/privacy-policy\/","url":"https:\/\/cklasersz.com\/privacy-policy\/","name":"Privacy Policy - Super Fast Laser","isPartOf":{"@id":"https:\/\/cklasersz.com\/#website"},"datePublished":"2025-10-21T09:57:22+00:00","dateModified":"2025-10-21T09:58:44+00:00","breadcrumb":{"@id":"https:\/\/cklasersz.com\/privacy-policy\/#breadcrumb"},"inLanguage":"de","potentialAction":[{"@type":"ReadAction","target":["https:\/\/cklasersz.com\/privacy-policy\/"]}]},{"@type":"BreadcrumbList","@id":"https:\/\/cklasersz.com\/privacy-policy\/#breadcrumb","itemListElement":[{"@type":"ListItem","position":1,"name":"Home","item":"https:\/\/cklasersz.com\/"},{"@type":"ListItem","position":2,"name":"Privacy Policy"}]},{"@type":"WebSite","@id":"https:\/\/cklasersz.com\/#website","url":"https:\/\/cklasersz.com\/","name":"Superschneller Laser","description":"","publisher":{"@id":"https:\/\/cklasersz.com\/#organization"},"potentialAction":[{"@type":"SearchAction","target":{"@type":"EntryPoint","urlTemplate":"https:\/\/cklasersz.com\/?s={search_term_string}"},"query-input":{"@type":"PropertyValueSpecification","valueRequired":true,"valueName":"search_term_string"}}],"inLanguage":"de"},{"@type":"Organization","@id":"https:\/\/cklasersz.com\/#organization","name":"Superschneller Laser","url":"https:\/\/cklasersz.com\/","logo":{"@type":"ImageObject","inLanguage":"de","@id":"https:\/\/cklasersz.com\/#\/schema\/logo\/image\/","url":"https:\/\/cklasersz.com\/wp-content\/uploads\/2025\/10\/logo.png","contentUrl":"https:\/\/cklasersz.com\/wp-content\/uploads\/2025\/10\/logo.png","width":300,"height":140,"caption":"Super Fast Laser"},"image":{"@id":"https:\/\/cklasersz.com\/#\/schema\/logo\/image\/"}}]}},"_links":{"self":[{"href":"https:\/\/cklasersz.com\/de\/wp-json\/wp\/v2\/pages\/505","targetHints":{"allow":["GET"]}}],"collection":[{"href":"https:\/\/cklasersz.com\/de\/wp-json\/wp\/v2\/pages"}],"about":[{"href":"https:\/\/cklasersz.com\/de\/wp-json\/wp\/v2\/types\/page"}],"author":[{"embeddable":true,"href":"https:\/\/cklasersz.com\/de\/wp-json\/wp\/v2\/users\/1"}],"replies":[{"embeddable":true,"href":"https:\/\/cklasersz.com\/de\/wp-json\/wp\/v2\/comments?post=505"}],"version-history":[{"count":7,"href":"https:\/\/cklasersz.com\/de\/wp-json\/wp\/v2\/pages\/505\/revisions"}],"predecessor-version":[{"id":512,"href":"https:\/\/cklasersz.com\/de\/wp-json\/wp\/v2\/pages\/505\/revisions\/512"}],"wp:attachment":[{"href":"https:\/\/cklasersz.com\/de\/wp-json\/wp\/v2\/media?parent=505"}],"curies":[{"name":"wp","href":"https:\/\/api.w.org\/{rel}","templated":true}]}}