{"id":513,"date":"2025-10-21T17:59:07","date_gmt":"2025-10-21T09:59:07","guid":{"rendered":"https:\/\/ck.pgywebtest.xyz\/?page_id=513"},"modified":"2025-10-21T18:00:08","modified_gmt":"2025-10-21T10:00:08","slug":"terms-of-use","status":"publish","type":"page","link":"https:\/\/cklasersz.com\/de\/terms-of-use\/","title":{"rendered":"Nutzungsbedingungen"},"content":{"rendered":"<div data-elementor-type=\"wp-page\" data-elementor-id=\"513\" class=\"elementor elementor-513\" data-elementor-settings=\"{&quot;element_pack_global_tooltip_width&quot;:{&quot;unit&quot;:&quot;px&quot;,&quot;size&quot;:&quot;&quot;,&quot;sizes&quot;:[]},&quot;element_pack_global_tooltip_width_laptop&quot;:{&quot;unit&quot;:&quot;px&quot;,&quot;size&quot;:&quot;&quot;,&quot;sizes&quot;:[]},&quot;element_pack_global_tooltip_width_tablet&quot;:{&quot;unit&quot;:&quot;px&quot;,&quot;size&quot;:&quot;&quot;,&quot;sizes&quot;:[]},&quot;element_pack_global_tooltip_width_mobile&quot;:{&quot;unit&quot;:&quot;px&quot;,&quot;size&quot;:&quot;&quot;,&quot;sizes&quot;:[]},&quot;element_pack_global_tooltip_padding&quot;:{&quot;unit&quot;:&quot;px&quot;,&quot;top&quot;:&quot;&quot;,&quot;right&quot;:&quot;&quot;,&quot;bottom&quot;:&quot;&quot;,&quot;left&quot;:&quot;&quot;,&quot;isLinked&quot;:true},&quot;element_pack_global_tooltip_padding_laptop&quot;:{&quot;unit&quot;:&quot;px&quot;,&quot;top&quot;:&quot;&quot;,&quot;right&quot;:&quot;&quot;,&quot;bottom&quot;:&quot;&quot;,&quot;left&quot;:&quot;&quot;,&quot;isLinked&quot;:true},&quot;element_pack_global_tooltip_padding_tablet&quot;:{&quot;unit&quot;:&quot;px&quot;,&quot;top&quot;:&quot;&quot;,&quot;right&quot;:&quot;&quot;,&quot;bottom&quot;:&quot;&quot;,&quot;left&quot;:&quot;&quot;,&quot;isLinked&quot;:true},&quot;element_pack_global_tooltip_padding_mobile&quot;:{&quot;unit&quot;:&quot;px&quot;,&quot;top&quot;:&quot;&quot;,&quot;right&quot;:&quot;&quot;,&quot;bottom&quot;:&quot;&quot;,&quot;left&quot;:&quot;&quot;,&quot;isLinked&quot;:true},&quot;element_pack_global_tooltip_border_radius&quot;:{&quot;unit&quot;:&quot;px&quot;,&quot;top&quot;:&quot;&quot;,&quot;right&quot;:&quot;&quot;,&quot;bottom&quot;:&quot;&quot;,&quot;left&quot;:&quot;&quot;,&quot;isLinked&quot;:true},&quot;element_pack_global_tooltip_border_radius_laptop&quot;:{&quot;unit&quot;:&quot;px&quot;,&quot;top&quot;:&quot;&quot;,&quot;right&quot;:&quot;&quot;,&quot;bottom&quot;:&quot;&quot;,&quot;left&quot;:&quot;&quot;,&quot;isLinked&quot;:true},&quot;element_pack_global_tooltip_border_radius_tablet&quot;:{&quot;unit&quot;:&quot;px&quot;,&quot;top&quot;:&quot;&quot;,&quot;right&quot;:&quot;&quot;,&quot;bottom&quot;:&quot;&quot;,&quot;left&quot;:&quot;&quot;,&quot;isLinked&quot;:true},&quot;element_pack_global_tooltip_border_radius_mobile&quot;:{&quot;unit&quot;:&quot;px&quot;,&quot;top&quot;:&quot;&quot;,&quot;right&quot;:&quot;&quot;,&quot;bottom&quot;:&quot;&quot;,&quot;left&quot;:&quot;&quot;,&quot;isLinked&quot;:true}}\" data-elementor-post-type=\"page\">\n\t\t\t\t<div data-dce-background-overlay-color=\"#00000080\" data-dce-background-image-url=\"https:\/\/cklasersz.com\/wp-content\/uploads\/2025\/10\/productbg.webp\" class=\"elementor-element elementor-element-98ff3af e-flex e-con-boxed e-con e-parent\" data-id=\"98ff3af\" data-element_type=\"container\" data-settings=\"{&quot;background_background&quot;:&quot;classic&quot;}\">\n\t\t\t\t\t<div class=\"e-con-inner\">\n\t\t\t\t<div data-dce-title-color=\"#FFFFFF\" class=\"elementor-element elementor-element-c634625 elementor-widget elementor-widget-heading\" data-id=\"c634625\" data-element_type=\"widget\" data-widget_type=\"heading.default\">\n\t\t\t\t\t<h2 class=\"elementor-heading-title elementor-size-default\">Nutzungsbedingungen<\/h2>\t\t\t\t<\/div>\n\t\t\t\t\t<\/div>\n\t\t\t\t<\/div>\n\t\t<div class=\"elementor-element elementor-element-31ae98d e-flex e-con-boxed e-con e-parent\" data-id=\"31ae98d\" data-element_type=\"container\">\n\t\t\t\t\t<div class=\"e-con-inner\">\n\t\t\t\t<div class=\"elementor-element elementor-element-9e98777 elementor-widget elementor-widget-spacer\" data-id=\"9e98777\" data-element_type=\"widget\" data-widget_type=\"spacer.default\">\n\t\t\t\t\t\t\t<div class=\"elementor-spacer\">\n\t\t\t<div class=\"elementor-spacer-inner\"><\/div>\n\t\t<\/div>\n\t\t\t\t\t\t<\/div>\n\t\t\t\t<div class=\"elementor-element elementor-element-08b4832 elementor-widget__width-initial elementor-widget elementor-widget-text-editor\" data-id=\"08b4832\" data-element_type=\"widget\" data-widget_type=\"text-editor.default\">\n\t\t\t\t\t\t\t\t\t<p>Bitte lesen Sie diese Bedingungen sorgf\u00e4ltig durch, bevor Sie unsere Website nutzen. Durch die Nutzung dieser Website erkl\u00e4ren Sie sich mit den hierin enthaltenen Bedingungen einverstanden und dass Sie rechtlich befugt sind, diese Bedingungen zu akzeptieren. Wenn Sie mit den Bedingungen nicht einverstanden sind, sollten Sie unsere Website nicht nutzen. Au\u00dferdem behalten wir uns das Recht vor, die Nutzungsbedingungen jederzeit und ohne vorherige Ank\u00fcndigung zu \u00e4ndern. Wenn Sie die Website nutzen, nachdem wir eine \u00c4nderung ver\u00f6ffentlicht haben, akzeptieren Sie diese \u00c4nderung. Sie sollten diese Bedingungen in regelm\u00e4\u00dfigen Abst\u00e4nden \u00fcberpr\u00fcfen.<\/p><p>Wir haben uns bem\u00fcht, den Inhalt der Website korrekt darzustellen, aber es kann zu Erg\u00e4nzungen, \u00c4nderungen und Abweichungen kommen.<\/p><p>Diese Nutzungsbedingungen enthalten die folgenden Themen:<br \/>- Garantien<br \/>- Urheberrecht<br \/>- Links zu Websites von Dritten<br \/>- Haftungsausschluss<br \/>- Kontakt<\/p><p><strong>Garantien<\/strong><\/p><p>Der Inhalt dieser Website wird im Ist-Zustand ohne jegliche ausdr\u00fcckliche oder stillschweigende Gew\u00e4hrleistung zur Verf\u00fcgung gestellt, einschlie\u00dflich, aber nicht beschr\u00e4nkt auf die stillschweigende Gew\u00e4hrleistung der Marktg\u00e4ngigkeit, der Eignung f\u00fcr einen bestimmten Zweck oder der Nichtverletzung von Rechten Dritter.<\/p><p><strong>Urheberrecht<\/strong><\/p><p>Alle Urheberrechte, Warenzeichen und alle anderen geistigen Eigentumsrechte an der Website und ihrem Inhalt (einschlie\u00dflich, aber nicht beschr\u00e4nkt auf das Design der Website, Texte, Grafiken und alle Software und Quellcodes, die mit der Website verbunden sind) sind Eigentum der Han's Laser Corporation oder an diese lizenziert oder werden anderweitig von der Han's Laser Corporation genutzt, soweit dies gesetzlich zul\u00e4ssig ist.<\/p><p>Mit dem Zugriff auf die Website erkl\u00e4ren Sie sich damit einverstanden, dass Sie die Inhalte ausschlie\u00dflich f\u00fcr Ihren pers\u00f6nlichen, nichtkommerziellen Gebrauch nutzen. Keiner der Inhalte darf ohne vorherige schriftliche Zustimmung des Urheberrechtsinhabers heruntergeladen, kopiert, reproduziert, \u00fcbertragen, gespeichert, verkauft oder verteilt werden. Davon ausgenommen ist das Herunterladen, Kopieren und\/oder Drucken von Seiten der Website ausschlie\u00dflich f\u00fcr den pers\u00f6nlichen, nichtkommerziellen Gebrauch zu Hause.<\/p><p><strong>Links zu Websites von Dritten<\/strong><\/p><p><a href=\"https:\/\/www.hanslaserus.com\/\" data-wpel-link=\"internal\">Han's Laser<\/a>\u00a0Die Han's Laser Corporation \u00fcberpr\u00fcft oder kontrolliert nicht die Websites Dritter, die mit unserer Website verlinkt sind, ist nicht f\u00fcr deren Inhalt verantwortlich und \u00fcbernimmt keine Gew\u00e4hr f\u00fcr die Richtigkeit oder Angemessenheit ihres Inhalts. Han's Laser Corporation gibt keine Zusicherungen oder Garantien in Bezug auf verlinkte Websites: Die Nutzung verlinkter Websites erfolgt ausschlie\u00dflich auf Ihr eigenes Risiko.<\/p><p><strong>Haftungsausschluss<\/strong><\/p><p>In keinem Fall sind Han's Laser Corporation oder eine ihrer Tochtergesellschaften oder die leitenden Angestellten, Direktoren, Mitarbeiter, Mitglieder oder Vertreter eines jeden von ihnen haftbar f\u00fcr Sch\u00e4den jeglicher Art, einschlie\u00dflich und ohne Einschr\u00e4nkung f\u00fcr besondere, zuf\u00e4llige, indirekte oder Folgesch\u00e4den, unabh\u00e4ngig davon, ob auf die M\u00f6glichkeit solcher Sch\u00e4den hingewiesen wurde oder nicht, und auf der Grundlage jeglicher Haftungstheorie, die sich aus oder in Verbindung mit der Nutzung oder Leistung dieser Website ergeben.<\/p><p><strong>Kontakt<\/strong><\/p><p>Wenn Sie Fragen oder Anmerkungen zu diesen Nutzungsbedingungen haben, wenden Sie sich bitte per E-Mail an das Unternehmen: laser@hanslaser.com oder kontaktieren Sie das Unternehmen unter folgender Adresse:<br \/>Han's Laser Gesellschaft<br \/>Adresse der Hauptverwaltung: 2220 O'Toole Ave, San Jose, CA 95131, USA<br \/>Adresse der Niederlassung Houston: 4224 Clay Business Dr, Katy, TX 77449<br \/>Telefon: (+1) 408-774-9428, (+1) 832-234-9188<\/p>\t\t\t\t\t\t\t\t<\/div>\n\t\t\t\t<div class=\"elementor-element elementor-element-3c4c72b elementor-widget elementor-widget-spacer\" data-id=\"3c4c72b\" data-element_type=\"widget\" data-widget_type=\"spacer.default\">\n\t\t\t\t\t\t\t<div class=\"elementor-spacer\">\n\t\t\t<div class=\"elementor-spacer-inner\"><\/div>\n\t\t<\/div>\n\t\t\t\t\t\t<\/div>\n\t\t\t\t\t<\/div>\n\t\t\t\t<\/div>\n\t\t\t\t<\/div>","protected":false},"excerpt":{"rendered":"<p>Terms of Use Please read these terms carefully before using our site. By using this site, you agree to the terms contained herein and that you have the legal authority to accept these terms. If you do not agree with the terms, you should not use our site. Furthermore, we reserve the right to change [&hellip;]<\/p>","protected":false},"author":1,"featured_media":0,"parent":0,"menu_order":0,"comment_status":"closed","ping_status":"closed","template":"","meta":{"_acf_changed":false,"footnotes":""},"class_list":["post-513","page","type-page","status-publish","hentry"],"blocksy_meta":[],"acf":[],"yoast_head":"<!-- This site is optimized with the Yoast SEO plugin v26.4 - https:\/\/yoast.com\/wordpress\/plugins\/seo\/ -->\n<title>Terms of Use - Super Fast Laser<\/title>\n<meta name=\"robots\" content=\"index, follow, max-snippet:-1, max-image-preview:large, max-video-preview:-1\" \/>\n<link rel=\"canonical\" href=\"https:\/\/cklasersz.com\/de\/terms-of-use\/\" \/>\n<meta property=\"og:locale\" content=\"de_DE\" \/>\n<meta property=\"og:type\" content=\"article\" \/>\n<meta property=\"og:title\" content=\"Terms of Use - Super Fast Laser\" \/>\n<meta property=\"og:description\" content=\"Terms of Use Please read these terms carefully before using our site. By using this site, you agree to the terms contained herein and that you have the legal authority to accept these terms. If you do not agree with the terms, you should not use our site. Furthermore, we reserve the right to change [&hellip;]\" \/>\n<meta property=\"og:url\" content=\"https:\/\/cklasersz.com\/de\/terms-of-use\/\" \/>\n<meta property=\"og:site_name\" content=\"Super Fast Laser\" \/>\n<meta property=\"article:modified_time\" content=\"2025-10-21T10:00:08+00:00\" \/>\n<meta name=\"twitter:card\" content=\"summary_large_image\" \/>\n<meta name=\"twitter:label1\" content=\"Gesch\u00e4tzte Lesezeit\" \/>\n\t<meta name=\"twitter:data1\" content=\"2\u00a0Minuten\" \/>\n<script type=\"application\/ld+json\" class=\"yoast-schema-graph\">{\"@context\":\"https:\/\/schema.org\",\"@graph\":[{\"@type\":\"WebPage\",\"@id\":\"https:\/\/cklasersz.com\/terms-of-use\/\",\"url\":\"https:\/\/cklasersz.com\/terms-of-use\/\",\"name\":\"Terms of Use - Super Fast Laser\",\"isPartOf\":{\"@id\":\"https:\/\/cklasersz.com\/#website\"},\"datePublished\":\"2025-10-21T09:59:07+00:00\",\"dateModified\":\"2025-10-21T10:00:08+00:00\",\"breadcrumb\":{\"@id\":\"https:\/\/cklasersz.com\/terms-of-use\/#breadcrumb\"},\"inLanguage\":\"de\",\"potentialAction\":[{\"@type\":\"ReadAction\",\"target\":[\"https:\/\/cklasersz.com\/terms-of-use\/\"]}]},{\"@type\":\"BreadcrumbList\",\"@id\":\"https:\/\/cklasersz.com\/terms-of-use\/#breadcrumb\",\"itemListElement\":[{\"@type\":\"ListItem\",\"position\":1,\"name\":\"Home\",\"item\":\"https:\/\/cklasersz.com\/\"},{\"@type\":\"ListItem\",\"position\":2,\"name\":\"Terms of Use\"}]},{\"@type\":\"WebSite\",\"@id\":\"https:\/\/cklasersz.com\/#website\",\"url\":\"https:\/\/cklasersz.com\/\",\"name\":\"Super Fast Laser\",\"description\":\"\",\"publisher\":{\"@id\":\"https:\/\/cklasersz.com\/#organization\"},\"potentialAction\":[{\"@type\":\"SearchAction\",\"target\":{\"@type\":\"EntryPoint\",\"urlTemplate\":\"https:\/\/cklasersz.com\/?s={search_term_string}\"},\"query-input\":{\"@type\":\"PropertyValueSpecification\",\"valueRequired\":true,\"valueName\":\"search_term_string\"}}],\"inLanguage\":\"de\"},{\"@type\":\"Organization\",\"@id\":\"https:\/\/cklasersz.com\/#organization\",\"name\":\"Super Fast Laser\",\"url\":\"https:\/\/cklasersz.com\/\",\"logo\":{\"@type\":\"ImageObject\",\"inLanguage\":\"de\",\"@id\":\"https:\/\/cklasersz.com\/#\/schema\/logo\/image\/\",\"url\":\"https:\/\/cklasersz.com\/wp-content\/uploads\/2025\/10\/logo.png\",\"contentUrl\":\"https:\/\/cklasersz.com\/wp-content\/uploads\/2025\/10\/logo.png\",\"width\":300,\"height\":140,\"caption\":\"Super Fast Laser\"},\"image\":{\"@id\":\"https:\/\/cklasersz.com\/#\/schema\/logo\/image\/\"}}]}<\/script>\n<!-- \/ Yoast SEO plugin. -->","yoast_head_json":{"title":"Terms of Use - Super Fast Laser","robots":{"index":"index","follow":"follow","max-snippet":"max-snippet:-1","max-image-preview":"max-image-preview:large","max-video-preview":"max-video-preview:-1"},"canonical":"https:\/\/cklasersz.com\/de\/terms-of-use\/","og_locale":"de_DE","og_type":"article","og_title":"Terms of Use - Super Fast Laser","og_description":"Terms of Use Please read these terms carefully before using our site. By using this site, you agree to the terms contained herein and that you have the legal authority to accept these terms. If you do not agree with the terms, you should not use our site. Furthermore, we reserve the right to change [&hellip;]","og_url":"https:\/\/cklasersz.com\/de\/terms-of-use\/","og_site_name":"Super Fast Laser","article_modified_time":"2025-10-21T10:00:08+00:00","twitter_card":"summary_large_image","twitter_misc":{"Gesch\u00e4tzte Lesezeit":"2\u00a0Minuten"},"schema":{"@context":"https:\/\/schema.org","@graph":[{"@type":"WebPage","@id":"https:\/\/cklasersz.com\/terms-of-use\/","url":"https:\/\/cklasersz.com\/terms-of-use\/","name":"Terms of Use - Super Fast Laser","isPartOf":{"@id":"https:\/\/cklasersz.com\/#website"},"datePublished":"2025-10-21T09:59:07+00:00","dateModified":"2025-10-21T10:00:08+00:00","breadcrumb":{"@id":"https:\/\/cklasersz.com\/terms-of-use\/#breadcrumb"},"inLanguage":"de","potentialAction":[{"@type":"ReadAction","target":["https:\/\/cklasersz.com\/terms-of-use\/"]}]},{"@type":"BreadcrumbList","@id":"https:\/\/cklasersz.com\/terms-of-use\/#breadcrumb","itemListElement":[{"@type":"ListItem","position":1,"name":"Home","item":"https:\/\/cklasersz.com\/"},{"@type":"ListItem","position":2,"name":"Terms of Use"}]},{"@type":"WebSite","@id":"https:\/\/cklasersz.com\/#website","url":"https:\/\/cklasersz.com\/","name":"Superschneller Laser","description":"","publisher":{"@id":"https:\/\/cklasersz.com\/#organization"},"potentialAction":[{"@type":"SearchAction","target":{"@type":"EntryPoint","urlTemplate":"https:\/\/cklasersz.com\/?s={search_term_string}"},"query-input":{"@type":"PropertyValueSpecification","valueRequired":true,"valueName":"search_term_string"}}],"inLanguage":"de"},{"@type":"Organization","@id":"https:\/\/cklasersz.com\/#organization","name":"Superschneller Laser","url":"https:\/\/cklasersz.com\/","logo":{"@type":"ImageObject","inLanguage":"de","@id":"https:\/\/cklasersz.com\/#\/schema\/logo\/image\/","url":"https:\/\/cklasersz.com\/wp-content\/uploads\/2025\/10\/logo.png","contentUrl":"https:\/\/cklasersz.com\/wp-content\/uploads\/2025\/10\/logo.png","width":300,"height":140,"caption":"Super Fast Laser"},"image":{"@id":"https:\/\/cklasersz.com\/#\/schema\/logo\/image\/"}}]}},"_links":{"self":[{"href":"https:\/\/cklasersz.com\/de\/wp-json\/wp\/v2\/pages\/513","targetHints":{"allow":["GET"]}}],"collection":[{"href":"https:\/\/cklasersz.com\/de\/wp-json\/wp\/v2\/pages"}],"about":[{"href":"https:\/\/cklasersz.com\/de\/wp-json\/wp\/v2\/types\/page"}],"author":[{"embeddable":true,"href":"https:\/\/cklasersz.com\/de\/wp-json\/wp\/v2\/users\/1"}],"replies":[{"embeddable":true,"href":"https:\/\/cklasersz.com\/de\/wp-json\/wp\/v2\/comments?post=513"}],"version-history":[{"count":4,"href":"https:\/\/cklasersz.com\/de\/wp-json\/wp\/v2\/pages\/513\/revisions"}],"predecessor-version":[{"id":517,"href":"https:\/\/cklasersz.com\/de\/wp-json\/wp\/v2\/pages\/513\/revisions\/517"}],"wp:attachment":[{"href":"https:\/\/cklasersz.com\/de\/wp-json\/wp\/v2\/media?parent=513"}],"curies":[{"name":"wp","href":"https:\/\/api.w.org\/{rel}","templated":true}]}}