{"id":505,"date":"2025-10-21T17:57:22","date_gmt":"2025-10-21T09:57:22","guid":{"rendered":"https:\/\/ck.pgywebtest.xyz\/?page_id=505"},"modified":"2025-10-21T17:58:44","modified_gmt":"2025-10-21T09:58:44","slug":"privacy-policy","status":"publish","type":"page","link":"https:\/\/cklasersz.com\/es\/privacy-policy\/","title":{"rendered":"Pol\u00edtica de privacidad"},"content":{"rendered":"<div data-elementor-type=\"wp-page\" data-elementor-id=\"505\" class=\"elementor elementor-505\" data-elementor-settings=\"{&quot;element_pack_global_tooltip_width&quot;:{&quot;unit&quot;:&quot;px&quot;,&quot;size&quot;:&quot;&quot;,&quot;sizes&quot;:[]},&quot;element_pack_global_tooltip_width_laptop&quot;:{&quot;unit&quot;:&quot;px&quot;,&quot;size&quot;:&quot;&quot;,&quot;sizes&quot;:[]},&quot;element_pack_global_tooltip_width_tablet&quot;:{&quot;unit&quot;:&quot;px&quot;,&quot;size&quot;:&quot;&quot;,&quot;sizes&quot;:[]},&quot;element_pack_global_tooltip_width_mobile&quot;:{&quot;unit&quot;:&quot;px&quot;,&quot;size&quot;:&quot;&quot;,&quot;sizes&quot;:[]},&quot;element_pack_global_tooltip_padding&quot;:{&quot;unit&quot;:&quot;px&quot;,&quot;top&quot;:&quot;&quot;,&quot;right&quot;:&quot;&quot;,&quot;bottom&quot;:&quot;&quot;,&quot;left&quot;:&quot;&quot;,&quot;isLinked&quot;:true},&quot;element_pack_global_tooltip_padding_laptop&quot;:{&quot;unit&quot;:&quot;px&quot;,&quot;top&quot;:&quot;&quot;,&quot;right&quot;:&quot;&quot;,&quot;bottom&quot;:&quot;&quot;,&quot;left&quot;:&quot;&quot;,&quot;isLinked&quot;:true},&quot;element_pack_global_tooltip_padding_tablet&quot;:{&quot;unit&quot;:&quot;px&quot;,&quot;top&quot;:&quot;&quot;,&quot;right&quot;:&quot;&quot;,&quot;bottom&quot;:&quot;&quot;,&quot;left&quot;:&quot;&quot;,&quot;isLinked&quot;:true},&quot;element_pack_global_tooltip_padding_mobile&quot;:{&quot;unit&quot;:&quot;px&quot;,&quot;top&quot;:&quot;&quot;,&quot;right&quot;:&quot;&quot;,&quot;bottom&quot;:&quot;&quot;,&quot;left&quot;:&quot;&quot;,&quot;isLinked&quot;:true},&quot;element_pack_global_tooltip_border_radius&quot;:{&quot;unit&quot;:&quot;px&quot;,&quot;top&quot;:&quot;&quot;,&quot;right&quot;:&quot;&quot;,&quot;bottom&quot;:&quot;&quot;,&quot;left&quot;:&quot;&quot;,&quot;isLinked&quot;:true},&quot;element_pack_global_tooltip_border_radius_laptop&quot;:{&quot;unit&quot;:&quot;px&quot;,&quot;top&quot;:&quot;&quot;,&quot;right&quot;:&quot;&quot;,&quot;bottom&quot;:&quot;&quot;,&quot;left&quot;:&quot;&quot;,&quot;isLinked&quot;:true},&quot;element_pack_global_tooltip_border_radius_tablet&quot;:{&quot;unit&quot;:&quot;px&quot;,&quot;top&quot;:&quot;&quot;,&quot;right&quot;:&quot;&quot;,&quot;bottom&quot;:&quot;&quot;,&quot;left&quot;:&quot;&quot;,&quot;isLinked&quot;:true},&quot;element_pack_global_tooltip_border_radius_mobile&quot;:{&quot;unit&quot;:&quot;px&quot;,&quot;top&quot;:&quot;&quot;,&quot;right&quot;:&quot;&quot;,&quot;bottom&quot;:&quot;&quot;,&quot;left&quot;:&quot;&quot;,&quot;isLinked&quot;:true}}\" data-elementor-post-type=\"page\">\n\t\t\t\t<div data-dce-background-overlay-color=\"#00000080\" data-dce-background-image-url=\"https:\/\/cklasersz.com\/wp-content\/uploads\/2025\/10\/productbg.webp\" class=\"elementor-element elementor-element-5c99041 e-flex e-con-boxed e-con e-parent\" data-id=\"5c99041\" data-element_type=\"container\" data-settings=\"{&quot;background_background&quot;:&quot;classic&quot;}\">\n\t\t\t\t\t<div class=\"e-con-inner\">\n\t\t\t\t<div data-dce-title-color=\"#FFFFFF\" class=\"elementor-element elementor-element-bee064e elementor-widget elementor-widget-heading\" data-id=\"bee064e\" data-element_type=\"widget\" data-widget_type=\"heading.default\">\n\t\t\t\t\t<h2 class=\"elementor-heading-title elementor-size-default\">Pol\u00edtica de privacidad<\/h2>\t\t\t\t<\/div>\n\t\t\t\t\t<\/div>\n\t\t\t\t<\/div>\n\t\t<div class=\"elementor-element elementor-element-608899d e-flex e-con-boxed e-con e-parent\" data-id=\"608899d\" data-element_type=\"container\">\n\t\t\t\t\t<div class=\"e-con-inner\">\n\t\t\t\t<div class=\"elementor-element elementor-element-d7431b0 elementor-widget elementor-widget-spacer\" data-id=\"d7431b0\" data-element_type=\"widget\" data-widget_type=\"spacer.default\">\n\t\t\t\t\t\t\t<div class=\"elementor-spacer\">\n\t\t\t<div class=\"elementor-spacer-inner\"><\/div>\n\t\t<\/div>\n\t\t\t\t\t\t<\/div>\n\t\t\t\t<div class=\"elementor-element elementor-element-e86bdb4 elementor-widget__width-initial elementor-widget elementor-widget-text-editor\" data-id=\"e86bdb4\" data-element_type=\"widget\" data-widget_type=\"text-editor.default\">\n\t\t\t\t\t\t\t\t\t<p>Bienvenido a\u00a0<a href=\"https:\/\/www.hanslaserus.com\/\" data-wpel-link=\"internal\">L\u00e1ser de Han<\/a>\u00a0Pol\u00edtica de privacidad de Han's Laser Corporation. Han's Laser Corporation se compromete a proteger su privacidad. Cuando utiliza los servicios del sitio web de Han's Laser Corporation, nos conf\u00eda su informaci\u00f3n. Esta Pol\u00edtica de Privacidad pretende ayudarle a entender qu\u00e9 datos recogemos, por qu\u00e9 los recogemos y qu\u00e9 hacemos con ellos. Esperamos que dedique un tiempo a leerla detenidamente.<\/p><p>Esta Pol\u00edtica de Privacidad contiene los siguientes temas:<br \/>- Informaci\u00f3n recogida<br \/>- Finalidad del uso de datos personales<br \/>- Uso de datos personales por parte de la empresa<br \/>- Enlaces y descargo de responsabilidad<br \/>- Contacte con nosotros<\/p><p><strong>Informaci\u00f3n recogida<\/strong><\/p><p>Han's Laser Corporation no obtendr\u00e1 informaci\u00f3n de identificaci\u00f3n personal sobre usted cuando visite nuestro sitio, a menos que decida proporcionarnos dicha informaci\u00f3n.<\/p><p>Podemos recibir y\/o recopilar Datos Personales de las siguientes formas:<\/p><p>1.Datos personales que nos proporciona en nuestro sitio.<br \/>Si nos env\u00eda una solicitud de \u201cContacto\u201d o un comentario, o si busca informaci\u00f3n sobre nuestros productos, servicios y precios, o en relaci\u00f3n con la compra de un producto o servicio, es posible que se le pida que nos proporcione determinados datos personales, como:<br \/>Tu nombre;<br \/>Direcci\u00f3n de correo electr\u00f3nico;<br \/>Comunicaciones que nos env\u00ede.<br \/>Tambi\u00e9n podemos pedirle informaci\u00f3n adicional, como el nombre de la empresa o el sector.<\/p><p>2. Informaci\u00f3n recogida autom\u00e1ticamente.<br \/>Determinada informaci\u00f3n de nuestro sitio se recopila autom\u00e1ticamente mediante diversas herramientas de software. Tenemos un inter\u00e9s leg\u00edtimo en utilizar dicha informaci\u00f3n para facilitar el inicio de sesi\u00f3n, con fines de administraci\u00f3n de sistemas, seguridad de la informaci\u00f3n y prevenci\u00f3n de abusos, para realizar un seguimiento de las tendencias de los usuarios y para analizar la eficacia de nuestro Sitio. Por s\u00ed sola o en combinaci\u00f3n con otra informaci\u00f3n, dicha informaci\u00f3n recopilada autom\u00e1ticamente puede constituir Datos Personales. Algunos de nuestros proveedores de servicios pueden utilizar cookies u otros m\u00e9todos para recopilar informaci\u00f3n sobre su uso de nuestro Sitio. Dichos terceros pueden utilizar estas cookies u otros m\u00e9todos de seguimiento para sus propios fines relacionando la informaci\u00f3n sobre su uso de nuestro Sitio con cualquier Dato Personal sobre usted que puedan tener. El uso de dicha informaci\u00f3n por un tercero depende de la pol\u00edtica de privacidad de dicho tercero.<\/p><p>\u2460 Archivos de registro. La informaci\u00f3n contenida en los archivos de registro incluye direcciones de protocolo de Internet (\u201cIP\u201d), tipo de navegador, proveedor de servicios de Internet (ISP), sello de fecha\/hora, p\u00e1ginas de referencia\/salida, p\u00e1ginas visitadas y cualquier otra informaci\u00f3n que su navegador pueda enviarnos.<\/p><p>\u2461 Cookies. Utilizamos cookies para que las interacciones con nuestro sitio sean f\u00e1ciles y significativas. Cuando visita nuestro Sitio, nuestros servidores pueden enviar una cookie a su ordenador. Por s\u00ed solas, las cookies no le identifican personalmente; se limitan a reconocer su navegador web.<\/p><p>Podemos utilizar cookies de sesi\u00f3n y persistentes. Las cookies de sesi\u00f3n s\u00f3lo existen durante una sesi\u00f3n. Desaparecen de su ordenador cuando cierra el navegador o apaga el ordenador. Las cookies persistentes permanecen en su ordenador despu\u00e9s de cerrar el navegador o apagar el ordenador. Tenga en cuenta que si desactiva la capacidad de su navegador para aceptar cookies, podr\u00e1 navegar por nuestro Sitio, pero es posible que no pueda utilizar correctamente todas sus funciones.<\/p><p>Otras tecnolog\u00edas de seguimiento. Cuando visita nuestro Sitio, podemos recopilar sus direcciones IP para rastrear y agregar Datos no Personales. Por ejemplo, podemos utilizar direcciones IP para controlar las regiones desde las que navega por nuestros Sitios.<\/p><p>Tambi\u00e9n podemos utilizar balizas web solas o junto con cookies para recopilar informaci\u00f3n sobre su uso de nuestro Sitio y su interacci\u00f3n con nuestros correos electr\u00f3nicos. Las balizas web son im\u00e1genes electr\u00f3nicas transparentes que pueden reconocer ciertos tipos de informaci\u00f3n en su ordenador, como las cookies, cuando usted visita un sitio concreto vinculado a la baliza web. Por ejemplo, podemos colocar balizas web en correos electr\u00f3nicos de marketing que nos notifican cuando usted hace clic en un enlace del correo electr\u00f3nico que le dirige a nuestro sitio. Podemos utilizar balizas web para operar y mejorar nuestro sitio y las comunicaciones por correo electr\u00f3nico.<\/p><p>\u2463 Herramientas de software de an\u00e1lisis. Utilizamos Google Analytics en nuestro Sitio para ayudarnos a analizar el tr\u00e1fico en nuestro Sitio. Para obtener m\u00e1s informaci\u00f3n sobre el tratamiento de Datos Personales por parte de Google Analytics, consulte: https:\/\/policies.google.com\/technologies\/partner-sites. Mediante el uso de un complemento del navegador: http:\/\/www.google.com\/ads\/preferences\/plugin\/, proporcionado por Google, puede inhabilitar Google Analytics.<\/p><p><strong>Finalidad del uso de datos personales<\/strong><\/p><p>Si usted env\u00eda o nosotros recopilamos Datos Personales a trav\u00e9s de nuestro Sitio, dichos Datos Personales podr\u00e1n utilizarse de las siguientes formas:<br \/>para analizar, administrar y mejorar nuestro Sitio y nuestros servicios;<br \/>para ponernos en contacto con usted en relaci\u00f3n con nuestro Sitio y determinados servicios, notificaciones, eventos, programas u ofertas en los que se haya registrado;<br \/>enviarle actualizaciones y material promocional para el que se haya registrado;<br \/>proteger nuestros derechos y\/o nuestra propiedad y garantizar la funcionalidad t\u00e9cnica y la seguridad de nuestro sitio.<\/p><p><strong>Uso de datos personales por parte de la empresa<\/strong><br \/>No vendemos, arrendamos, alquilamos ni revelamos de ning\u00fan otro modo a terceros los Datos Personales recogidos en nuestro Sitio, a menos que se indique lo contrario a continuaci\u00f3n o con su consentimiento.<\/p><p>\u2460 Por ley para proteger el derecho.<br \/>Podemos compartir su informaci\u00f3n seg\u00fan lo permita o exija cualquier ley, norma o reglamento aplicable en las siguientes condiciones: Si tenemos la creencia de buena fe de que la divulgaci\u00f3n de informaci\u00f3n sobre usted es necesaria para cumplir con cualquier ley, reglamento, proceso legal o solicitud gubernamental aplicable; para investigar o remediar posibles violaciones de nuestras pol\u00edticas; o para proteger los derechos, la propiedad y la seguridad de los dem\u00e1s.<\/p><p>\u2461 Proveedores de servicios de terceros.<br \/>Podemos compartir su informaci\u00f3n con terceros que presten servicios para nosotros o en nuestro nombre. Esto podr\u00eda incluir an\u00e1lisis de datos, env\u00edo de correos electr\u00f3nicos, servicios de alojamiento, atenci\u00f3n al cliente y asistencia en marketing.<\/p><p>\u2462 Afiliados.<br \/>Podemos compartir su informaci\u00f3n con nuestras filiales, que pueden incluir nuestras subsidiarias, socios de empresas conjuntas u otras empresas que controlamos o que est\u00e1n bajo control com\u00fan con nosotros. En tal caso, exigiremos a dichas filiales que respeten la presente Pol\u00edtica de Privacidad.<\/p><p>Fusi\u00f3n, venta o cambio de control.<br \/>Si nos reorganizamos o vendemos todos o parte de nuestros activos, nos fusionamos o somos adquiridos por otra entidad, podemos transferir su informaci\u00f3n a la entidad sucesora.<\/p><p><strong>Enlaces y descargo de responsabilidad<\/strong><\/p><p>Nuestro sitio web tiene enlaces a muchas otras organizaciones con su permiso. Al abandonar el sitio web de Han's Laser Corporation, usted estar\u00e1 sujeto a la pol\u00edtica de privacidad del nuevo sitio. Han's Laser Corporation no se hace responsable de la disponibilidad de los sistemas a los que se enlaza y estos enlaces se le proporcionan como un servicio para que usted comprenda mejor las diferentes relaciones comerciales que Han's Laser Corporation ha establecido.<\/p><p><strong>Contacte con nosotros<\/strong><\/p><p>Si tiene alguna pregunta o comentario sobre esta Pol\u00edtica de Privacidad, p\u00f3ngase en contacto con la Empresa por correo electr\u00f3nico:\u00a0<a href=\"mailto:laser@hanslaser.com\">laser@hanslaser.com<\/a>\u00a0o p\u00f3ngase en contacto con la empresa en<br \/>Han's Laser Corporation<br \/>Direcci\u00f3n de la oficina central: 2220 O'Toole Ave, San Jose, CA 95131, EE.UU.<br \/>Direcci\u00f3n de la oficina de Houston: 4224 Clay Business Dr, Katy, TX 77449<br \/>Tel\u00e9fono: (+1) 408-774-9428, (+1) 832-234-9188<\/p>\t\t\t\t\t\t\t\t<\/div>\n\t\t\t\t<div class=\"elementor-element elementor-element-237ee4b elementor-widget elementor-widget-spacer\" data-id=\"237ee4b\" data-element_type=\"widget\" data-widget_type=\"spacer.default\">\n\t\t\t\t\t\t\t<div class=\"elementor-spacer\">\n\t\t\t<div class=\"elementor-spacer-inner\"><\/div>\n\t\t<\/div>\n\t\t\t\t\t\t<\/div>\n\t\t\t\t\t<\/div>\n\t\t\t\t<\/div>\n\t\t\t\t<\/div>","protected":false},"excerpt":{"rendered":"<p>Privacy Policy Welcome to\u00a0Han\u2019s Laser\u00a0Corporation Privacy Policy page. Han\u2019s Laser Corporation is committed to protecting your privacy. When you use Han\u2019s Laser Corporation website services, you trust us with your information. This Privacy Policy is meant to help you understand what data we collect, why we collect it, and what we do with it. We [&hellip;]<\/p>","protected":false},"author":1,"featured_media":0,"parent":0,"menu_order":0,"comment_status":"closed","ping_status":"closed","template":"","meta":{"_acf_changed":false,"footnotes":""},"class_list":["post-505","page","type-page","status-publish","hentry"],"blocksy_meta":[],"acf":[],"yoast_head":"<!-- This site is optimized with the Yoast SEO plugin v26.4 - https:\/\/yoast.com\/wordpress\/plugins\/seo\/ -->\n<title>Privacy Policy - Super Fast Laser<\/title>\n<meta name=\"robots\" content=\"index, follow, max-snippet:-1, max-image-preview:large, max-video-preview:-1\" \/>\n<link rel=\"canonical\" href=\"https:\/\/cklasersz.com\/es\/privacy-policy\/\" \/>\n<meta property=\"og:locale\" content=\"es_ES\" \/>\n<meta property=\"og:type\" content=\"article\" \/>\n<meta property=\"og:title\" content=\"Privacy Policy - Super Fast Laser\" \/>\n<meta property=\"og:description\" content=\"Privacy Policy Welcome to\u00a0Han\u2019s Laser\u00a0Corporation Privacy Policy page. Han\u2019s Laser Corporation is committed to protecting your privacy. When you use Han\u2019s Laser Corporation website services, you trust us with your information. This Privacy Policy is meant to help you understand what data we collect, why we collect it, and what we do with it. We [&hellip;]\" \/>\n<meta property=\"og:url\" content=\"https:\/\/cklasersz.com\/es\/privacy-policy\/\" \/>\n<meta property=\"og:site_name\" content=\"Super Fast Laser\" \/>\n<meta property=\"article:modified_time\" content=\"2025-10-21T09:58:44+00:00\" \/>\n<meta name=\"twitter:card\" content=\"summary_large_image\" \/>\n<meta name=\"twitter:label1\" content=\"Tiempo de lectura\" \/>\n\t<meta name=\"twitter:data1\" content=\"6 minutos\" \/>\n<script type=\"application\/ld+json\" class=\"yoast-schema-graph\">{\"@context\":\"https:\/\/schema.org\",\"@graph\":[{\"@type\":\"WebPage\",\"@id\":\"https:\/\/cklasersz.com\/privacy-policy\/\",\"url\":\"https:\/\/cklasersz.com\/privacy-policy\/\",\"name\":\"Privacy Policy - Super Fast Laser\",\"isPartOf\":{\"@id\":\"https:\/\/cklasersz.com\/#website\"},\"datePublished\":\"2025-10-21T09:57:22+00:00\",\"dateModified\":\"2025-10-21T09:58:44+00:00\",\"breadcrumb\":{\"@id\":\"https:\/\/cklasersz.com\/privacy-policy\/#breadcrumb\"},\"inLanguage\":\"es\",\"potentialAction\":[{\"@type\":\"ReadAction\",\"target\":[\"https:\/\/cklasersz.com\/privacy-policy\/\"]}]},{\"@type\":\"BreadcrumbList\",\"@id\":\"https:\/\/cklasersz.com\/privacy-policy\/#breadcrumb\",\"itemListElement\":[{\"@type\":\"ListItem\",\"position\":1,\"name\":\"Home\",\"item\":\"https:\/\/cklasersz.com\/\"},{\"@type\":\"ListItem\",\"position\":2,\"name\":\"Privacy Policy\"}]},{\"@type\":\"WebSite\",\"@id\":\"https:\/\/cklasersz.com\/#website\",\"url\":\"https:\/\/cklasersz.com\/\",\"name\":\"Super Fast Laser\",\"description\":\"\",\"publisher\":{\"@id\":\"https:\/\/cklasersz.com\/#organization\"},\"potentialAction\":[{\"@type\":\"SearchAction\",\"target\":{\"@type\":\"EntryPoint\",\"urlTemplate\":\"https:\/\/cklasersz.com\/?s={search_term_string}\"},\"query-input\":{\"@type\":\"PropertyValueSpecification\",\"valueRequired\":true,\"valueName\":\"search_term_string\"}}],\"inLanguage\":\"es\"},{\"@type\":\"Organization\",\"@id\":\"https:\/\/cklasersz.com\/#organization\",\"name\":\"Super Fast Laser\",\"url\":\"https:\/\/cklasersz.com\/\",\"logo\":{\"@type\":\"ImageObject\",\"inLanguage\":\"es\",\"@id\":\"https:\/\/cklasersz.com\/#\/schema\/logo\/image\/\",\"url\":\"https:\/\/cklasersz.com\/wp-content\/uploads\/2025\/10\/logo.png\",\"contentUrl\":\"https:\/\/cklasersz.com\/wp-content\/uploads\/2025\/10\/logo.png\",\"width\":300,\"height\":140,\"caption\":\"Super Fast Laser\"},\"image\":{\"@id\":\"https:\/\/cklasersz.com\/#\/schema\/logo\/image\/\"}}]}<\/script>\n<!-- \/ Yoast SEO plugin. -->","yoast_head_json":{"title":"Privacy Policy - Super Fast Laser","robots":{"index":"index","follow":"follow","max-snippet":"max-snippet:-1","max-image-preview":"max-image-preview:large","max-video-preview":"max-video-preview:-1"},"canonical":"https:\/\/cklasersz.com\/es\/privacy-policy\/","og_locale":"es_ES","og_type":"article","og_title":"Privacy Policy - Super Fast Laser","og_description":"Privacy Policy Welcome to\u00a0Han\u2019s Laser\u00a0Corporation Privacy Policy page. Han\u2019s Laser Corporation is committed to protecting your privacy. When you use Han\u2019s Laser Corporation website services, you trust us with your information. This Privacy Policy is meant to help you understand what data we collect, why we collect it, and what we do with it. We [&hellip;]","og_url":"https:\/\/cklasersz.com\/es\/privacy-policy\/","og_site_name":"Super Fast Laser","article_modified_time":"2025-10-21T09:58:44+00:00","twitter_card":"summary_large_image","twitter_misc":{"Tiempo de lectura":"6 minutos"},"schema":{"@context":"https:\/\/schema.org","@graph":[{"@type":"WebPage","@id":"https:\/\/cklasersz.com\/privacy-policy\/","url":"https:\/\/cklasersz.com\/privacy-policy\/","name":"Privacy Policy - Super Fast Laser","isPartOf":{"@id":"https:\/\/cklasersz.com\/#website"},"datePublished":"2025-10-21T09:57:22+00:00","dateModified":"2025-10-21T09:58:44+00:00","breadcrumb":{"@id":"https:\/\/cklasersz.com\/privacy-policy\/#breadcrumb"},"inLanguage":"es","potentialAction":[{"@type":"ReadAction","target":["https:\/\/cklasersz.com\/privacy-policy\/"]}]},{"@type":"BreadcrumbList","@id":"https:\/\/cklasersz.com\/privacy-policy\/#breadcrumb","itemListElement":[{"@type":"ListItem","position":1,"name":"Home","item":"https:\/\/cklasersz.com\/"},{"@type":"ListItem","position":2,"name":"Privacy Policy"}]},{"@type":"WebSite","@id":"https:\/\/cklasersz.com\/#website","url":"https:\/\/cklasersz.com\/","name":"L\u00e1ser superr\u00e1pido","description":"","publisher":{"@id":"https:\/\/cklasersz.com\/#organization"},"potentialAction":[{"@type":"SearchAction","target":{"@type":"EntryPoint","urlTemplate":"https:\/\/cklasersz.com\/?s={search_term_string}"},"query-input":{"@type":"PropertyValueSpecification","valueRequired":true,"valueName":"search_term_string"}}],"inLanguage":"es"},{"@type":"Organization","@id":"https:\/\/cklasersz.com\/#organization","name":"L\u00e1ser superr\u00e1pido","url":"https:\/\/cklasersz.com\/","logo":{"@type":"ImageObject","inLanguage":"es","@id":"https:\/\/cklasersz.com\/#\/schema\/logo\/image\/","url":"https:\/\/cklasersz.com\/wp-content\/uploads\/2025\/10\/logo.png","contentUrl":"https:\/\/cklasersz.com\/wp-content\/uploads\/2025\/10\/logo.png","width":300,"height":140,"caption":"Super Fast Laser"},"image":{"@id":"https:\/\/cklasersz.com\/#\/schema\/logo\/image\/"}}]}},"_links":{"self":[{"href":"https:\/\/cklasersz.com\/es\/wp-json\/wp\/v2\/pages\/505","targetHints":{"allow":["GET"]}}],"collection":[{"href":"https:\/\/cklasersz.com\/es\/wp-json\/wp\/v2\/pages"}],"about":[{"href":"https:\/\/cklasersz.com\/es\/wp-json\/wp\/v2\/types\/page"}],"author":[{"embeddable":true,"href":"https:\/\/cklasersz.com\/es\/wp-json\/wp\/v2\/users\/1"}],"replies":[{"embeddable":true,"href":"https:\/\/cklasersz.com\/es\/wp-json\/wp\/v2\/comments?post=505"}],"version-history":[{"count":7,"href":"https:\/\/cklasersz.com\/es\/wp-json\/wp\/v2\/pages\/505\/revisions"}],"predecessor-version":[{"id":512,"href":"https:\/\/cklasersz.com\/es\/wp-json\/wp\/v2\/pages\/505\/revisions\/512"}],"wp:attachment":[{"href":"https:\/\/cklasersz.com\/es\/wp-json\/wp\/v2\/media?parent=505"}],"curies":[{"name":"wp","href":"https:\/\/api.w.org\/{rel}","templated":true}]}}