{"id":513,"date":"2025-10-21T17:59:07","date_gmt":"2025-10-21T09:59:07","guid":{"rendered":"https:\/\/ck.pgywebtest.xyz\/?page_id=513"},"modified":"2025-10-21T18:00:08","modified_gmt":"2025-10-21T10:00:08","slug":"terms-of-use","status":"publish","type":"page","link":"https:\/\/cklasersz.com\/es\/terms-of-use\/","title":{"rendered":"Condiciones de uso"},"content":{"rendered":"<div data-elementor-type=\"wp-page\" data-elementor-id=\"513\" class=\"elementor elementor-513\" data-elementor-settings=\"{&quot;element_pack_global_tooltip_width&quot;:{&quot;unit&quot;:&quot;px&quot;,&quot;size&quot;:&quot;&quot;,&quot;sizes&quot;:[]},&quot;element_pack_global_tooltip_width_laptop&quot;:{&quot;unit&quot;:&quot;px&quot;,&quot;size&quot;:&quot;&quot;,&quot;sizes&quot;:[]},&quot;element_pack_global_tooltip_width_tablet&quot;:{&quot;unit&quot;:&quot;px&quot;,&quot;size&quot;:&quot;&quot;,&quot;sizes&quot;:[]},&quot;element_pack_global_tooltip_width_mobile&quot;:{&quot;unit&quot;:&quot;px&quot;,&quot;size&quot;:&quot;&quot;,&quot;sizes&quot;:[]},&quot;element_pack_global_tooltip_padding&quot;:{&quot;unit&quot;:&quot;px&quot;,&quot;top&quot;:&quot;&quot;,&quot;right&quot;:&quot;&quot;,&quot;bottom&quot;:&quot;&quot;,&quot;left&quot;:&quot;&quot;,&quot;isLinked&quot;:true},&quot;element_pack_global_tooltip_padding_laptop&quot;:{&quot;unit&quot;:&quot;px&quot;,&quot;top&quot;:&quot;&quot;,&quot;right&quot;:&quot;&quot;,&quot;bottom&quot;:&quot;&quot;,&quot;left&quot;:&quot;&quot;,&quot;isLinked&quot;:true},&quot;element_pack_global_tooltip_padding_tablet&quot;:{&quot;unit&quot;:&quot;px&quot;,&quot;top&quot;:&quot;&quot;,&quot;right&quot;:&quot;&quot;,&quot;bottom&quot;:&quot;&quot;,&quot;left&quot;:&quot;&quot;,&quot;isLinked&quot;:true},&quot;element_pack_global_tooltip_padding_mobile&quot;:{&quot;unit&quot;:&quot;px&quot;,&quot;top&quot;:&quot;&quot;,&quot;right&quot;:&quot;&quot;,&quot;bottom&quot;:&quot;&quot;,&quot;left&quot;:&quot;&quot;,&quot;isLinked&quot;:true},&quot;element_pack_global_tooltip_border_radius&quot;:{&quot;unit&quot;:&quot;px&quot;,&quot;top&quot;:&quot;&quot;,&quot;right&quot;:&quot;&quot;,&quot;bottom&quot;:&quot;&quot;,&quot;left&quot;:&quot;&quot;,&quot;isLinked&quot;:true},&quot;element_pack_global_tooltip_border_radius_laptop&quot;:{&quot;unit&quot;:&quot;px&quot;,&quot;top&quot;:&quot;&quot;,&quot;right&quot;:&quot;&quot;,&quot;bottom&quot;:&quot;&quot;,&quot;left&quot;:&quot;&quot;,&quot;isLinked&quot;:true},&quot;element_pack_global_tooltip_border_radius_tablet&quot;:{&quot;unit&quot;:&quot;px&quot;,&quot;top&quot;:&quot;&quot;,&quot;right&quot;:&quot;&quot;,&quot;bottom&quot;:&quot;&quot;,&quot;left&quot;:&quot;&quot;,&quot;isLinked&quot;:true},&quot;element_pack_global_tooltip_border_radius_mobile&quot;:{&quot;unit&quot;:&quot;px&quot;,&quot;top&quot;:&quot;&quot;,&quot;right&quot;:&quot;&quot;,&quot;bottom&quot;:&quot;&quot;,&quot;left&quot;:&quot;&quot;,&quot;isLinked&quot;:true}}\" data-elementor-post-type=\"page\">\n\t\t\t\t<div data-dce-background-overlay-color=\"#00000080\" data-dce-background-image-url=\"https:\/\/cklasersz.com\/wp-content\/uploads\/2025\/10\/productbg.webp\" class=\"elementor-element elementor-element-98ff3af e-flex e-con-boxed e-con e-parent\" data-id=\"98ff3af\" data-element_type=\"container\" data-settings=\"{&quot;background_background&quot;:&quot;classic&quot;}\">\n\t\t\t\t\t<div class=\"e-con-inner\">\n\t\t\t\t<div data-dce-title-color=\"#FFFFFF\" class=\"elementor-element elementor-element-c634625 elementor-widget elementor-widget-heading\" data-id=\"c634625\" data-element_type=\"widget\" data-widget_type=\"heading.default\">\n\t\t\t\t\t<h2 class=\"elementor-heading-title elementor-size-default\">Condiciones de uso<\/h2>\t\t\t\t<\/div>\n\t\t\t\t\t<\/div>\n\t\t\t\t<\/div>\n\t\t<div class=\"elementor-element elementor-element-31ae98d e-flex e-con-boxed e-con e-parent\" data-id=\"31ae98d\" data-element_type=\"container\">\n\t\t\t\t\t<div class=\"e-con-inner\">\n\t\t\t\t<div class=\"elementor-element elementor-element-9e98777 elementor-widget elementor-widget-spacer\" data-id=\"9e98777\" data-element_type=\"widget\" data-widget_type=\"spacer.default\">\n\t\t\t\t\t\t\t<div class=\"elementor-spacer\">\n\t\t\t<div class=\"elementor-spacer-inner\"><\/div>\n\t\t<\/div>\n\t\t\t\t\t\t<\/div>\n\t\t\t\t<div class=\"elementor-element elementor-element-08b4832 elementor-widget__width-initial elementor-widget elementor-widget-text-editor\" data-id=\"08b4832\" data-element_type=\"widget\" data-widget_type=\"text-editor.default\">\n\t\t\t\t\t\t\t\t\t<p>Lea atentamente estas condiciones antes de utilizar nuestro sitio. Al utilizar este sitio, usted acepta los t\u00e9rminos aqu\u00ed contenidos y que tiene la autoridad legal para aceptar estos t\u00e9rminos. Si no est\u00e1 de acuerdo con las condiciones, no debe utilizar nuestro sitio. Adem\u00e1s, nos reservamos el derecho a modificar las condiciones de uso en cualquier momento, sin previo aviso. Si utiliza el sitio despu\u00e9s de que hayamos publicado un cambio, usted acepta dicho cambio. Le recomendamos que consulte peri\u00f3dicamente estas condiciones.<\/p><p>Hemos hecho todo lo posible por presentar el contenido del sitio web con exactitud, pero pueden producirse adiciones, modificaciones y cambios.<\/p><p>Estas Condiciones de uso contienen los siguientes temas:<br \/>- Garant\u00edas<br \/>- Derechos de autor<br \/>- Enlaces a sitios web de terceros<br \/>- Descargo de responsabilidad<br \/>- Contacte con nosotros<\/p><p><strong>Garant\u00edas<\/strong><\/p><p>El contenido de este sitio web se proporciona \u201ctal cual\u201d, sin garant\u00edas de ning\u00fan tipo, ya sean expl\u00edcitas o impl\u00edcitas, incluidas, entre otras, las garant\u00edas impl\u00edcitas de comerciabilidad, idoneidad para un fin determinado o ausencia de infracci\u00f3n.<\/p><p><strong>Copyright<\/strong><\/p><p>Todos los derechos de autor, marcas comerciales y dem\u00e1s derechos de propiedad intelectual sobre el sitio web y su contenido (incluidos, entre otros, el dise\u00f1o del sitio web, el texto, los gr\u00e1ficos y todo el software y los c\u00f3digos fuente relacionados con el sitio web) son propiedad de Han's Laser Corporation o han sido cedidos bajo licencia a \u00e9sta, o bien Han's Laser Corporation los utiliza de cualquier otra forma permitida por la ley.<\/p><p>Al acceder al sitio web, usted acepta que acceder\u00e1 al contenido \u00fanicamente para su uso personal y no comercial. Ning\u00fan contenido podr\u00e1 ser descargado, copiado, reproducido, transmitido, almacenado, vendido o distribuido sin el consentimiento previo por escrito del titular de los derechos de autor. Esto excluye la descarga, copia y\/o impresi\u00f3n de p\u00e1ginas del sitio web \u00fanicamente para uso dom\u00e9stico personal y no comercial.<\/p><p><strong>Enlaces a sitios web de terceros<\/strong><\/p><p><a href=\"https:\/\/www.hanslaserus.com\/\" data-wpel-link=\"internal\">L\u00e1ser de Han<\/a>\u00a0Corporation no revisa ni controla los sitios web de terceros que enlazan con nuestro sitio web o desde \u00e9l, no es responsable de su contenido y no declara que su contenido sea preciso o apropiado. Han's Laser Corporation no hace representaciones o garant\u00edas con respecto a cualquier sitio vinculado: el uso de cualquier sitio vinculado es exclusivamente bajo su propio riesgo.<\/p><p><strong>Descargo de responsabilidad<\/strong><\/p><p>En ning\u00fan caso Han's Laser Corporation o cualquiera de sus afiliados, o los funcionarios, directores, empleados, miembros o agentes de cada uno de ellos, ser\u00e1 responsable de ning\u00fan da\u00f1o de ning\u00fan tipo, incluyendo sin limitaci\u00f3n cualquier da\u00f1o especial, incidental, indirecto o consecuente, ya sea o no advertido de la posibilidad de tales da\u00f1os, y en cualquier teor\u00eda de responsabilidad alguna, que surja de o en conexi\u00f3n con el uso o rendimiento de este sitio web.<\/p><p><strong>Contacte con nosotros<\/strong><\/p><p>Si tiene preguntas o comentarios sobre estas Condiciones de uso, p\u00f3ngase en contacto con la Empresa en la direcci\u00f3n de correo electr\u00f3nico: laser@hanslaser.com o con la Empresa en:<br \/>Han's Laser Corporation<br \/>Direcci\u00f3n de la oficina central: 2220 O'Toole Ave, San Jose, CA 95131, EE.UU.<br \/>Direcci\u00f3n de la oficina de Houston: 4224 Clay Business Dr, Katy, TX 77449<br \/>Tel\u00e9fono: (+1) 408-774-9428, (+1) 832-234-9188<\/p>\t\t\t\t\t\t\t\t<\/div>\n\t\t\t\t<div class=\"elementor-element elementor-element-3c4c72b elementor-widget elementor-widget-spacer\" data-id=\"3c4c72b\" data-element_type=\"widget\" data-widget_type=\"spacer.default\">\n\t\t\t\t\t\t\t<div class=\"elementor-spacer\">\n\t\t\t<div class=\"elementor-spacer-inner\"><\/div>\n\t\t<\/div>\n\t\t\t\t\t\t<\/div>\n\t\t\t\t\t<\/div>\n\t\t\t\t<\/div>\n\t\t\t\t<\/div>","protected":false},"excerpt":{"rendered":"<p>Terms of Use Please read these terms carefully before using our site. By using this site, you agree to the terms contained herein and that you have the legal authority to accept these terms. If you do not agree with the terms, you should not use our site. Furthermore, we reserve the right to change [&hellip;]<\/p>","protected":false},"author":1,"featured_media":0,"parent":0,"menu_order":0,"comment_status":"closed","ping_status":"closed","template":"","meta":{"_acf_changed":false,"footnotes":""},"class_list":["post-513","page","type-page","status-publish","hentry"],"blocksy_meta":[],"acf":[],"yoast_head":"<!-- This site is optimized with the Yoast SEO plugin v26.4 - https:\/\/yoast.com\/wordpress\/plugins\/seo\/ -->\n<title>Terms of Use - Super Fast Laser<\/title>\n<meta name=\"robots\" content=\"index, follow, max-snippet:-1, max-image-preview:large, max-video-preview:-1\" \/>\n<link rel=\"canonical\" href=\"https:\/\/cklasersz.com\/es\/terms-of-use\/\" \/>\n<meta property=\"og:locale\" content=\"es_ES\" \/>\n<meta property=\"og:type\" content=\"article\" \/>\n<meta property=\"og:title\" content=\"Terms of Use - Super Fast Laser\" \/>\n<meta property=\"og:description\" content=\"Terms of Use Please read these terms carefully before using our site. By using this site, you agree to the terms contained herein and that you have the legal authority to accept these terms. If you do not agree with the terms, you should not use our site. Furthermore, we reserve the right to change [&hellip;]\" \/>\n<meta property=\"og:url\" content=\"https:\/\/cklasersz.com\/es\/terms-of-use\/\" \/>\n<meta property=\"og:site_name\" content=\"Super Fast Laser\" \/>\n<meta property=\"article:modified_time\" content=\"2025-10-21T10:00:08+00:00\" \/>\n<meta name=\"twitter:card\" content=\"summary_large_image\" \/>\n<meta name=\"twitter:label1\" content=\"Tiempo de lectura\" \/>\n\t<meta name=\"twitter:data1\" content=\"2 minutos\" \/>\n<script type=\"application\/ld+json\" class=\"yoast-schema-graph\">{\"@context\":\"https:\/\/schema.org\",\"@graph\":[{\"@type\":\"WebPage\",\"@id\":\"https:\/\/cklasersz.com\/terms-of-use\/\",\"url\":\"https:\/\/cklasersz.com\/terms-of-use\/\",\"name\":\"Terms of Use - Super Fast Laser\",\"isPartOf\":{\"@id\":\"https:\/\/cklasersz.com\/#website\"},\"datePublished\":\"2025-10-21T09:59:07+00:00\",\"dateModified\":\"2025-10-21T10:00:08+00:00\",\"breadcrumb\":{\"@id\":\"https:\/\/cklasersz.com\/terms-of-use\/#breadcrumb\"},\"inLanguage\":\"es\",\"potentialAction\":[{\"@type\":\"ReadAction\",\"target\":[\"https:\/\/cklasersz.com\/terms-of-use\/\"]}]},{\"@type\":\"BreadcrumbList\",\"@id\":\"https:\/\/cklasersz.com\/terms-of-use\/#breadcrumb\",\"itemListElement\":[{\"@type\":\"ListItem\",\"position\":1,\"name\":\"Home\",\"item\":\"https:\/\/cklasersz.com\/\"},{\"@type\":\"ListItem\",\"position\":2,\"name\":\"Terms of Use\"}]},{\"@type\":\"WebSite\",\"@id\":\"https:\/\/cklasersz.com\/#website\",\"url\":\"https:\/\/cklasersz.com\/\",\"name\":\"Super Fast Laser\",\"description\":\"\",\"publisher\":{\"@id\":\"https:\/\/cklasersz.com\/#organization\"},\"potentialAction\":[{\"@type\":\"SearchAction\",\"target\":{\"@type\":\"EntryPoint\",\"urlTemplate\":\"https:\/\/cklasersz.com\/?s={search_term_string}\"},\"query-input\":{\"@type\":\"PropertyValueSpecification\",\"valueRequired\":true,\"valueName\":\"search_term_string\"}}],\"inLanguage\":\"es\"},{\"@type\":\"Organization\",\"@id\":\"https:\/\/cklasersz.com\/#organization\",\"name\":\"Super Fast Laser\",\"url\":\"https:\/\/cklasersz.com\/\",\"logo\":{\"@type\":\"ImageObject\",\"inLanguage\":\"es\",\"@id\":\"https:\/\/cklasersz.com\/#\/schema\/logo\/image\/\",\"url\":\"https:\/\/cklasersz.com\/wp-content\/uploads\/2025\/10\/logo.png\",\"contentUrl\":\"https:\/\/cklasersz.com\/wp-content\/uploads\/2025\/10\/logo.png\",\"width\":300,\"height\":140,\"caption\":\"Super Fast Laser\"},\"image\":{\"@id\":\"https:\/\/cklasersz.com\/#\/schema\/logo\/image\/\"}}]}<\/script>\n<!-- \/ Yoast SEO plugin. -->","yoast_head_json":{"title":"Terms of Use - Super Fast Laser","robots":{"index":"index","follow":"follow","max-snippet":"max-snippet:-1","max-image-preview":"max-image-preview:large","max-video-preview":"max-video-preview:-1"},"canonical":"https:\/\/cklasersz.com\/es\/terms-of-use\/","og_locale":"es_ES","og_type":"article","og_title":"Terms of Use - Super Fast Laser","og_description":"Terms of Use Please read these terms carefully before using our site. By using this site, you agree to the terms contained herein and that you have the legal authority to accept these terms. If you do not agree with the terms, you should not use our site. Furthermore, we reserve the right to change [&hellip;]","og_url":"https:\/\/cklasersz.com\/es\/terms-of-use\/","og_site_name":"Super Fast Laser","article_modified_time":"2025-10-21T10:00:08+00:00","twitter_card":"summary_large_image","twitter_misc":{"Tiempo de lectura":"2 minutos"},"schema":{"@context":"https:\/\/schema.org","@graph":[{"@type":"WebPage","@id":"https:\/\/cklasersz.com\/terms-of-use\/","url":"https:\/\/cklasersz.com\/terms-of-use\/","name":"Terms of Use - Super Fast Laser","isPartOf":{"@id":"https:\/\/cklasersz.com\/#website"},"datePublished":"2025-10-21T09:59:07+00:00","dateModified":"2025-10-21T10:00:08+00:00","breadcrumb":{"@id":"https:\/\/cklasersz.com\/terms-of-use\/#breadcrumb"},"inLanguage":"es","potentialAction":[{"@type":"ReadAction","target":["https:\/\/cklasersz.com\/terms-of-use\/"]}]},{"@type":"BreadcrumbList","@id":"https:\/\/cklasersz.com\/terms-of-use\/#breadcrumb","itemListElement":[{"@type":"ListItem","position":1,"name":"Home","item":"https:\/\/cklasersz.com\/"},{"@type":"ListItem","position":2,"name":"Terms of Use"}]},{"@type":"WebSite","@id":"https:\/\/cklasersz.com\/#website","url":"https:\/\/cklasersz.com\/","name":"L\u00e1ser superr\u00e1pido","description":"","publisher":{"@id":"https:\/\/cklasersz.com\/#organization"},"potentialAction":[{"@type":"SearchAction","target":{"@type":"EntryPoint","urlTemplate":"https:\/\/cklasersz.com\/?s={search_term_string}"},"query-input":{"@type":"PropertyValueSpecification","valueRequired":true,"valueName":"search_term_string"}}],"inLanguage":"es"},{"@type":"Organization","@id":"https:\/\/cklasersz.com\/#organization","name":"L\u00e1ser superr\u00e1pido","url":"https:\/\/cklasersz.com\/","logo":{"@type":"ImageObject","inLanguage":"es","@id":"https:\/\/cklasersz.com\/#\/schema\/logo\/image\/","url":"https:\/\/cklasersz.com\/wp-content\/uploads\/2025\/10\/logo.png","contentUrl":"https:\/\/cklasersz.com\/wp-content\/uploads\/2025\/10\/logo.png","width":300,"height":140,"caption":"Super Fast Laser"},"image":{"@id":"https:\/\/cklasersz.com\/#\/schema\/logo\/image\/"}}]}},"_links":{"self":[{"href":"https:\/\/cklasersz.com\/es\/wp-json\/wp\/v2\/pages\/513","targetHints":{"allow":["GET"]}}],"collection":[{"href":"https:\/\/cklasersz.com\/es\/wp-json\/wp\/v2\/pages"}],"about":[{"href":"https:\/\/cklasersz.com\/es\/wp-json\/wp\/v2\/types\/page"}],"author":[{"embeddable":true,"href":"https:\/\/cklasersz.com\/es\/wp-json\/wp\/v2\/users\/1"}],"replies":[{"embeddable":true,"href":"https:\/\/cklasersz.com\/es\/wp-json\/wp\/v2\/comments?post=513"}],"version-history":[{"count":4,"href":"https:\/\/cklasersz.com\/es\/wp-json\/wp\/v2\/pages\/513\/revisions"}],"predecessor-version":[{"id":517,"href":"https:\/\/cklasersz.com\/es\/wp-json\/wp\/v2\/pages\/513\/revisions\/517"}],"wp:attachment":[{"href":"https:\/\/cklasersz.com\/es\/wp-json\/wp\/v2\/media?parent=513"}],"curies":[{"name":"wp","href":"https:\/\/api.w.org\/{rel}","templated":true}]}}